{"id":205,"date":"2020-05-23T22:28:31","date_gmt":"2020-05-23T22:28:31","guid":{"rendered":"https:\/\/uisoftware.com\/?page_id=205"},"modified":"2020-09-30T20:15:57","modified_gmt":"2020-09-30T20:15:57","slug":"original","status":"publish","type":"page","link":"https:\/\/uisoftware.com\/es\/original\/","title":{"rendered":"ArtMatic &amp; Metasynth Store (Antiguo)"},"content":{"rendered":"<div class=\"wp-block-columns alignwide has-3-columns is-layout-flex wp-container-core-columns-is-layout-8f761849 wp-block-columns-is-layout-flex\">\n<div class=\"wp-block-column is-layout-flow wp-block-column-is-layout-flow\">\n<div class=\"wp-block-image\"><figure class=\"aligncenter size-large\"><img data-recalc-dims=\"1\" loading=\"lazy\" decoding=\"async\" width=\"1024\" height=\"576\" data-attachment-id=\"338\" data-permalink=\"https:\/\/uisoftware.com\/es\/artmaticctx\/ultrapop\/\" data-orig-file=\"https:\/\/i0.wp.com\/uisoftware.com\/wp-content\/uploads\/2020\/05\/UltraPop.png?fit=1280%2C720&amp;ssl=1\" data-orig-size=\"1280,720\" data-comments-opened=\"0\" data-image-meta=\"{&quot;aperture&quot;:&quot;0&quot;,&quot;credit&quot;:&quot;&quot;,&quot;camera&quot;:&quot;&quot;,&quot;caption&quot;:&quot;&quot;,&quot;created_timestamp&quot;:&quot;0&quot;,&quot;copyright&quot;:&quot;&quot;,&quot;focal_length&quot;:&quot;0&quot;,&quot;iso&quot;:&quot;0&quot;,&quot;shutter_speed&quot;:&quot;0&quot;,&quot;title&quot;:&quot;&quot;,&quot;orientation&quot;:&quot;0&quot;}\" data-image-title=\"UltraPop\" data-image-description=\"\" data-image-caption=\"\" data-medium-file=\"https:\/\/i0.wp.com\/uisoftware.com\/wp-content\/uploads\/2020\/05\/UltraPop.png?fit=300%2C169&amp;ssl=1\" data-large-file=\"https:\/\/i0.wp.com\/uisoftware.com\/wp-content\/uploads\/2020\/05\/UltraPop.png?fit=1024%2C576&amp;ssl=1\" src=\"https:\/\/i0.wp.com\/uisoftware.com\/wp-content\/uploads\/2020\/05\/UltraPop.png?resize=1024%2C576&#038;ssl=1\" alt=\"\" class=\"wp-image-338\" srcset=\"https:\/\/i0.wp.com\/uisoftware.com\/wp-content\/uploads\/2020\/05\/UltraPop.png?resize=1024%2C576&amp;ssl=1 1024w, https:\/\/i0.wp.com\/uisoftware.com\/wp-content\/uploads\/2020\/05\/UltraPop.png?resize=300%2C169&amp;ssl=1 300w, https:\/\/i0.wp.com\/uisoftware.com\/wp-content\/uploads\/2020\/05\/UltraPop.png?resize=768%2C432&amp;ssl=1 768w, https:\/\/i0.wp.com\/uisoftware.com\/wp-content\/uploads\/2020\/05\/UltraPop.png?resize=1200%2C675&amp;ssl=1 1200w, https:\/\/i0.wp.com\/uisoftware.com\/wp-content\/uploads\/2020\/05\/UltraPop.png?w=1280&amp;ssl=1 1280w\" sizes=\"auto, (max-width: 1024px) 100vw, 1024px\" \/><\/figure><\/div>\n\n\n\n<h2 class=\"has-text-align-left wp-block-heading\">ArtMatic CTX 1.0<\/h2>\n\n\n\n<p class=\"has-small-font-size wp-block-paragraph\">Recreado para los nuevos sistemas operativos de Apple \"Cocoa Only\" 10.15 y posteriores. Para las versiones \"Carbon\", consulte la tienda heredada.<\/p>\n<\/div>\n\n\n\n<div class=\"wp-block-column is-layout-flow wp-block-column-is-layout-flow\">\n<div class=\"wp-block-image\"><figure class=\"aligncenter size-large\"><img data-recalc-dims=\"1\" loading=\"lazy\" decoding=\"async\" width=\"1024\" height=\"576\" data-attachment-id=\"401\" data-permalink=\"https:\/\/uisoftware.com\/es\/original\/shutterstock_1103851298-1280-720-crop\/\" data-orig-file=\"https:\/\/i0.wp.com\/uisoftware.com\/wp-content\/uploads\/2020\/05\/shutterstock_1103851298-1280-720-Crop.jpg?fit=1280%2C720&amp;ssl=1\" data-orig-size=\"1280,720\" data-comments-opened=\"0\" data-image-meta=\"{&quot;aperture&quot;:&quot;0&quot;,&quot;credit&quot;:&quot;&quot;,&quot;camera&quot;:&quot;&quot;,&quot;caption&quot;:&quot;&quot;,&quot;created_timestamp&quot;:&quot;0&quot;,&quot;copyright&quot;:&quot;&quot;,&quot;focal_length&quot;:&quot;0&quot;,&quot;iso&quot;:&quot;0&quot;,&quot;shutter_speed&quot;:&quot;0&quot;,&quot;title&quot;:&quot;&quot;,&quot;orientation&quot;:&quot;1&quot;}\" data-image-title=\"shutterstock_1103851298-1280-720 Crop\" data-image-description=\"\" data-image-caption=\"\" data-medium-file=\"https:\/\/i0.wp.com\/uisoftware.com\/wp-content\/uploads\/2020\/05\/shutterstock_1103851298-1280-720-Crop.jpg?fit=300%2C169&amp;ssl=1\" data-large-file=\"https:\/\/i0.wp.com\/uisoftware.com\/wp-content\/uploads\/2020\/05\/shutterstock_1103851298-1280-720-Crop.jpg?fit=1024%2C576&amp;ssl=1\" src=\"https:\/\/i0.wp.com\/uisoftware.com\/wp-content\/uploads\/2020\/05\/shutterstock_1103851298-1280-720-Crop.jpg?resize=1024%2C576&#038;ssl=1\" alt=\"\" class=\"wp-image-401\" srcset=\"https:\/\/i0.wp.com\/uisoftware.com\/wp-content\/uploads\/2020\/05\/shutterstock_1103851298-1280-720-Crop.jpg?resize=1024%2C576&amp;ssl=1 1024w, https:\/\/i0.wp.com\/uisoftware.com\/wp-content\/uploads\/2020\/05\/shutterstock_1103851298-1280-720-Crop.jpg?resize=300%2C169&amp;ssl=1 300w, https:\/\/i0.wp.com\/uisoftware.com\/wp-content\/uploads\/2020\/05\/shutterstock_1103851298-1280-720-Crop.jpg?resize=768%2C432&amp;ssl=1 768w, https:\/\/i0.wp.com\/uisoftware.com\/wp-content\/uploads\/2020\/05\/shutterstock_1103851298-1280-720-Crop.jpg?resize=1200%2C675&amp;ssl=1 1200w, https:\/\/i0.wp.com\/uisoftware.com\/wp-content\/uploads\/2020\/05\/shutterstock_1103851298-1280-720-Crop.jpg?w=1280&amp;ssl=1 1280w\" sizes=\"auto, (max-width: 1024px) 100vw, 1024px\" \/><\/figure><\/div>\n\n\n\n<h2 class=\"has-text-align-left wp-block-heading\">MetaSynth + Xx<\/h2>\n\n\n\n<p class=\"has-small-font-size wp-block-paragraph\">Una leyenda en el mundo del dise\u00f1o de sonido, actualmente s\u00f3lo est\u00e1 disponible para las plataformas MacOS \"Carbon\" de Apple 10.6 - 10.14<\/p>\n<\/div>\n\n\n\n<div class=\"wp-block-column is-layout-flow wp-block-column-is-layout-flow\">\n<div class=\"wp-block-image\"><figure class=\"aligncenter size-large\"><img data-recalc-dims=\"1\" loading=\"lazy\" decoding=\"async\" width=\"960\" height=\"540\" data-attachment-id=\"659\" data-permalink=\"https:\/\/uisoftware.com\/es\/original\/legacyproducts\/\" data-orig-file=\"https:\/\/i0.wp.com\/uisoftware.com\/wp-content\/uploads\/2020\/06\/LegacyProducts.gif?fit=960%2C540&amp;ssl=1\" data-orig-size=\"960,540\" data-comments-opened=\"0\" data-image-meta=\"{&quot;aperture&quot;:&quot;0&quot;,&quot;credit&quot;:&quot;&quot;,&quot;camera&quot;:&quot;&quot;,&quot;caption&quot;:&quot;&quot;,&quot;created_timestamp&quot;:&quot;0&quot;,&quot;copyright&quot;:&quot;&quot;,&quot;focal_length&quot;:&quot;0&quot;,&quot;iso&quot;:&quot;0&quot;,&quot;shutter_speed&quot;:&quot;0&quot;,&quot;title&quot;:&quot;&quot;,&quot;orientation&quot;:&quot;0&quot;}\" data-image-title=\"LegacyProducts\" data-image-description=\"\" data-image-caption=\"\" data-medium-file=\"https:\/\/i0.wp.com\/uisoftware.com\/wp-content\/uploads\/2020\/06\/LegacyProducts.gif?fit=300%2C169&amp;ssl=1\" data-large-file=\"https:\/\/i0.wp.com\/uisoftware.com\/wp-content\/uploads\/2020\/06\/LegacyProducts.gif?fit=960%2C540&amp;ssl=1\" src=\"https:\/\/i0.wp.com\/uisoftware.com\/wp-content\/uploads\/2020\/06\/LegacyProducts.gif?resize=960%2C540&#038;ssl=1\" alt=\"\" class=\"wp-image-659\"\/><\/figure><\/div>\n\n\n\n<h2 class=\"has-text-align-left wp-block-heading\">Aplicaciones del legado<\/h2>\n\n\n\n<p class=\"has-small-font-size wp-block-paragraph\">Estas aplicaciones funcionan en plataformas Apple m\u00e1s antiguas: Cl\u00e1sica o Carbon. Son <a href=\"http:\/\/174.136.98.66\/ORDERS\/store_main\/storefront.php\" target=\"_blank\" rel=\"noreferrer noopener\">todav\u00eda disponible<\/a> a los clientes con sistemas m\u00e1s antiguos.<\/p>\n<\/div>\n<\/div>\n\n\n\n<p class=\"wp-block-paragraph\"><strong>ACTUALIZACI\u00d3N: Nuestra tienda de WordPress no se muestra correctamente. Estamos trabajando con el proveedor FastSpring para resolver este problema. Mientras tanto, las compras se pueden hacer aqu\u00ed: <a href=\"https:\/\/uisoftware.onfastspring.com\/\" rel=\"nofollow\">https:\/\/uisoftware.onfastspring.com\/<\/a><\/strong><\/p>\n\n\n\n<p class=\"wp-block-paragraph\">Por favor, explore las versiones de demostraci\u00f3n de nuestros productos para asegurarse de la compatibilidad con MacOS antes de la compra, ya que todas las ventas son definitivas y actualmente no es posible realizar reembolsos. Los precios de venta futuros no pueden aplicarse retroactivamente a las compras anteriores. Para m\u00e1s informaci\u00f3n sobre los sistemas operativos de Apple, v\u00e9ase m\u00e1s abajo.<\/p>\n\n\n\n<div style=\"height:32px\" aria-hidden=\"true\" class=\"wp-block-spacer desktop-only\"><\/div>\n\n\n\n<p class=\"wp-block-paragraph\"><\/p>\n\n\n\n<hr class=\"wp-block-separator is-style-wide\"\/>\n\n\n\n<div style=\"height:32px\" aria-hidden=\"true\" class=\"wp-block-spacer desktop-only\"><\/div>\n\n\n\n<h2 class=\"has-text-align-center wp-block-heading\">\u00bfBusca productos y actualizaciones de Legacy? Haga clic en el bot\u00f3n de abajo para ser llevado a nuestro sitio web de Legacy.<\/h2>\n\n\n\n<p class=\"wp-block-paragraph\"><\/p>\n\n\n\n<center><div class=\"wp-block-button aligncenter\"><a class=\"wp-block-button__link\" href=\"http:\/\/174.136.98.66\/ORDERS\/store_main\/storefront.php\">Ve a la tienda del legado<\/a><\/div><\/center>\n\n\n\n<div style=\"height:32px\" aria-hidden=\"true\" class=\"wp-block-spacer desktop-only\"><\/div>\n\n\n\n<hr class=\"wp-block-separator is-style-wide\"\/>\n\n\n\n<p class=\"wp-block-paragraph\">Tenga en cuenta: Apple ha realizado cambios dr\u00e1sticos en el Macintosh a lo largo de los a\u00f1os, y los cambios siguen llegando a medida que avanzan para fusionar el Mac con el mundo de los iDevices. Para la mayor\u00eda de la gente hay tres grupos de hardware de Mac: Procesador PowerPC, Intel y ARM, y tres grupos de sistemas operativos: Cl\u00e1sico (MacOS), Carbon Unix (MacOS X 10.6-10.14), y Cocoa Unix (MacOS X 10.10-10.14, MacOS 10.15, MacOS 11.0). Muchas de estas plataformas de hardware y sistemas operativos han tenido periodos de solapamiento en los que coexistieron varias plataformas, y otras veces en las que una plataforma es eliminada gradualmente. Esto da lugar a que el hardware y\/o los sistemas operativos para ejecutar su software sean descatalogados, a que el desarrollo de productos de software termine y a que las aplicaciones lleguen al \"final de su vida \u00fatil\". Aunque esto era tan com\u00fan en la tecnolog\u00eda inform\u00e1tica como en los estudios de grabaci\u00f3n y los equipos de v\u00eddeo, los d\u00edas en los que hab\u00eda que comprar una tarjeta complementaria $800 para ejecutar el software m\u00e1s antiguo ya han pasado. Pero, las interrupciones todav\u00eda ocurren. En octubre de 2019, Apple interrumpi\u00f3 el desarrollo de MacOS Carbon que ejecuta los programas Carbon. MacOS 10.14.6 (Mojave) fue el \u00faltimo. As\u00ed, todas las l\u00edneas de productos de U&amp;I Software llegaron al \"fin de vida\". Apple sigue dando soporte a MacOS Carbon con actualizaciones de seguridad, y haciendo que Mojave est\u00e9 disponible para su instalaci\u00f3n. Las aplicaciones de Carbon pueden ejecutarse en un Mac Cocoa utilizando BootCamp o un emulador de terceros para ejecutar Cocoa y Carbon. Consulte la p\u00e1gina de soporte para obtener m\u00e1s detalles. Eric est\u00e1 en el tercer a\u00f1o de un viaje de 4 a\u00f1os para recrear sus programas como nuevos productos para la plataforma Cocoa Unix MacOS. Los programas con las iniciales CTX significan que fueron creados para Cocoa (Catalina, Big Sur, y m\u00e1s all\u00e1). Seguimos ofreciendo productos heredados a los clientes que ejecutan un MacOS Carbon como sistema operativo primario o secundario (BootCamp o Parallels). Muchos de nuestros clientes conservan las plataformas Classic o Carbon Mac para ejecutar aplicaciones, por lo que siguen estando disponibles. Esperamos llevar MetaSynt, Xx y V-Quartz a la plataforma Cocoa+ARM+Metal durante el pr\u00f3ximo a\u00f1o. Busque CTX en el t\u00edtulo.<\/p>","protected":false},"excerpt":{"rendered":"<p>\u00bfBusca productos de U&amp;I Software? Consiga aqu\u00ed los \u00faltimos productos de ArtMatic y MetaSynth.<\/p>","protected":false},"author":150113988,"featured_media":355,"parent":0,"menu_order":0,"comment_status":"closed","ping_status":"closed","template":"","meta":{"_coblocks_attr":"","_coblocks_dimensions":"","_coblocks_responsive_height":"","_coblocks_accordion_ie_support":"","_crdt_document":"","jetpack_post_was_ever_published":false,"footnotes":""},"class_list":["post-205","page","type-page","status-publish","has-post-thumbnail","hentry"],"yoast_head":"<!-- This site is optimized with the Yoast SEO Premium plugin v27.2 (Yoast SEO v27.3) - https:\/\/yoast.com\/product\/yoast-seo-premium-wordpress\/ -->\n<title>ArtMatic &amp; Metasynth Store (Old) - U&amp;I Software, LLC<\/title>\n<meta name=\"robots\" content=\"index, follow, max-snippet:-1, max-image-preview:large, max-video-preview:-1\" \/>\n<link rel=\"canonical\" href=\"https:\/\/uisoftware.com\/es\/original\/\" \/>\n<meta property=\"og:locale\" content=\"es_ES\" \/>\n<meta property=\"og:type\" content=\"article\" \/>\n<meta property=\"og:title\" content=\"ArtMatic &amp; Metasynth Store (Old)\" \/>\n<meta property=\"og:description\" content=\"Looking for U&amp;I Software products? Get the latest ArtMatic, and MetaSynth products here.\" \/>\n<meta property=\"og:url\" content=\"https:\/\/uisoftware.com\/es\/original\/\" \/>\n<meta property=\"og:site_name\" content=\"U&amp;I Software, LLC\" \/>\n<meta property=\"article:publisher\" content=\"https:\/\/www.facebook.com\/uisoftware\" \/>\n<meta property=\"article:modified_time\" content=\"2020-09-30T20:15:57+00:00\" \/>\n<meta property=\"og:image\" content=\"https:\/\/uisoftware.com\/wp-content\/uploads\/2020\/05\/sphere-tunnel-1024x576.png\" \/>\n\t<meta property=\"og:image:width\" content=\"1024\" \/>\n\t<meta property=\"og:image:height\" content=\"576\" \/>\n\t<meta property=\"og:image:type\" content=\"image\/png\" \/>\n<meta name=\"twitter:card\" content=\"summary_large_image\" \/>\n<meta name=\"twitter:site\" content=\"@UIsoftware\" \/>\n<meta name=\"twitter:label1\" content=\"Tiempo de lectura\" \/>\n\t<meta name=\"twitter:data1\" content=\"2 minutos\" \/>\n<script type=\"application\/ld+json\" class=\"yoast-schema-graph\">{\"@context\":\"https:\\\/\\\/schema.org\",\"@graph\":[{\"@type\":\"WebPage\",\"@id\":\"https:\\\/\\\/uisoftware.com\\\/original\\\/\",\"url\":\"https:\\\/\\\/uisoftware.com\\\/original\\\/\",\"name\":\"ArtMatic & Metasynth Store (Old) - U&amp;I Software, LLC\",\"isPartOf\":{\"@id\":\"https:\\\/\\\/uisoftware.com\\\/#website\"},\"primaryImageOfPage\":{\"@id\":\"https:\\\/\\\/uisoftware.com\\\/original\\\/#primaryimage\"},\"image\":{\"@id\":\"https:\\\/\\\/uisoftware.com\\\/original\\\/#primaryimage\"},\"thumbnailUrl\":\"https:\\\/\\\/i0.wp.com\\\/uisoftware.com\\\/wp-content\\\/uploads\\\/2020\\\/05\\\/sphere-tunnel.png?fit=1920%2C1080&ssl=1\",\"datePublished\":\"2020-05-23T22:28:31+00:00\",\"dateModified\":\"2020-09-30T20:15:57+00:00\",\"breadcrumb\":{\"@id\":\"https:\\\/\\\/uisoftware.com\\\/original\\\/#breadcrumb\"},\"inLanguage\":\"es\",\"potentialAction\":[{\"@type\":\"ReadAction\",\"target\":[\"https:\\\/\\\/uisoftware.com\\\/original\\\/\"]}]},{\"@type\":\"ImageObject\",\"inLanguage\":\"es\",\"@id\":\"https:\\\/\\\/uisoftware.com\\\/original\\\/#primaryimage\",\"url\":\"https:\\\/\\\/i0.wp.com\\\/uisoftware.com\\\/wp-content\\\/uploads\\\/2020\\\/05\\\/sphere-tunnel.png?fit=1920%2C1080&ssl=1\",\"contentUrl\":\"https:\\\/\\\/i0.wp.com\\\/uisoftware.com\\\/wp-content\\\/uploads\\\/2020\\\/05\\\/sphere-tunnel.png?fit=1920%2C1080&ssl=1\",\"width\":1920,\"height\":1080},{\"@type\":\"BreadcrumbList\",\"@id\":\"https:\\\/\\\/uisoftware.com\\\/original\\\/#breadcrumb\",\"itemListElement\":[{\"@type\":\"ListItem\",\"position\":1,\"name\":\"Home\",\"item\":\"https:\\\/\\\/uisoftware.com\\\/\"},{\"@type\":\"ListItem\",\"position\":2,\"name\":\"ArtMatic &#038; Metasynth Store (Old)\"}]},{\"@type\":\"WebSite\",\"@id\":\"https:\\\/\\\/uisoftware.com\\\/#website\",\"url\":\"https:\\\/\\\/uisoftware.com\\\/\",\"name\":\"U&amp;I Software, LLC\",\"description\":\"Unique Applications for Artists and Musicians\",\"publisher\":{\"@id\":\"https:\\\/\\\/uisoftware.com\\\/#organization\"},\"potentialAction\":[{\"@type\":\"SearchAction\",\"target\":{\"@type\":\"EntryPoint\",\"urlTemplate\":\"https:\\\/\\\/uisoftware.com\\\/?s={search_term_string}\"},\"query-input\":{\"@type\":\"PropertyValueSpecification\",\"valueRequired\":true,\"valueName\":\"search_term_string\"}}],\"inLanguage\":\"es\"},{\"@type\":\"Organization\",\"@id\":\"https:\\\/\\\/uisoftware.com\\\/#organization\",\"name\":\"U&I Software\",\"url\":\"https:\\\/\\\/uisoftware.com\\\/\",\"logo\":{\"@type\":\"ImageObject\",\"inLanguage\":\"es\",\"@id\":\"https:\\\/\\\/uisoftware.com\\\/#\\\/schema\\\/logo\\\/image\\\/\",\"url\":\"https:\\\/\\\/i2.wp.com\\\/uisoftware.com\\\/wp-content\\\/uploads\\\/2020\\\/05\\\/UI_Software_Mark_Round_blue.png?fit=2169%2C2169&ssl=1\",\"contentUrl\":\"https:\\\/\\\/i2.wp.com\\\/uisoftware.com\\\/wp-content\\\/uploads\\\/2020\\\/05\\\/UI_Software_Mark_Round_blue.png?fit=2169%2C2169&ssl=1\",\"width\":2169,\"height\":2169,\"caption\":\"U&I Software\"},\"image\":{\"@id\":\"https:\\\/\\\/uisoftware.com\\\/#\\\/schema\\\/logo\\\/image\\\/\"},\"sameAs\":[\"https:\\\/\\\/www.facebook.com\\\/uisoftware\",\"https:\\\/\\\/x.com\\\/UIsoftware\",\"https:\\\/\\\/www.instagram.com\\\/uisoftware_\",\"https:\\\/\\\/www.youtube.com\\\/c\\\/uisoftware\",\"https:\\\/\\\/en.wikipedia.org\\\/wiki\\\/MetaSynth\"]}]}<\/script>\n<!-- \/ Yoast SEO Premium plugin. -->","yoast_head_json":{"title":"ArtMatic &amp; Metasynth Store (Antiguo) - U&amp;I Software, LLC","robots":{"index":"index","follow":"follow","max-snippet":"max-snippet:-1","max-image-preview":"max-image-preview:large","max-video-preview":"max-video-preview:-1"},"canonical":"https:\/\/uisoftware.com\/es\/original\/","og_locale":"es_ES","og_type":"article","og_title":"ArtMatic & Metasynth Store (Old)","og_description":"Looking for U&I Software products? Get the latest ArtMatic, and MetaSynth products here.","og_url":"https:\/\/uisoftware.com\/es\/original\/","og_site_name":"U&amp;I Software, LLC","article_publisher":"https:\/\/www.facebook.com\/uisoftware","article_modified_time":"2020-09-30T20:15:57+00:00","og_image":[{"width":1024,"height":576,"url":"https:\/\/uisoftware.com\/wp-content\/uploads\/2020\/05\/sphere-tunnel-1024x576.png","type":"image\/png"}],"twitter_card":"summary_large_image","twitter_site":"@UIsoftware","twitter_misc":{"Tiempo de lectura":"2 minutos"},"schema":{"@context":"https:\/\/schema.org","@graph":[{"@type":"WebPage","@id":"https:\/\/uisoftware.com\/original\/","url":"https:\/\/uisoftware.com\/original\/","name":"ArtMatic &amp; Metasynth Store (Antiguo) - U&amp;I Software, LLC","isPartOf":{"@id":"https:\/\/uisoftware.com\/#website"},"primaryImageOfPage":{"@id":"https:\/\/uisoftware.com\/original\/#primaryimage"},"image":{"@id":"https:\/\/uisoftware.com\/original\/#primaryimage"},"thumbnailUrl":"https:\/\/i0.wp.com\/uisoftware.com\/wp-content\/uploads\/2020\/05\/sphere-tunnel.png?fit=1920%2C1080&ssl=1","datePublished":"2020-05-23T22:28:31+00:00","dateModified":"2020-09-30T20:15:57+00:00","breadcrumb":{"@id":"https:\/\/uisoftware.com\/original\/#breadcrumb"},"inLanguage":"es","potentialAction":[{"@type":"ReadAction","target":["https:\/\/uisoftware.com\/original\/"]}]},{"@type":"ImageObject","inLanguage":"es","@id":"https:\/\/uisoftware.com\/original\/#primaryimage","url":"https:\/\/i0.wp.com\/uisoftware.com\/wp-content\/uploads\/2020\/05\/sphere-tunnel.png?fit=1920%2C1080&ssl=1","contentUrl":"https:\/\/i0.wp.com\/uisoftware.com\/wp-content\/uploads\/2020\/05\/sphere-tunnel.png?fit=1920%2C1080&ssl=1","width":1920,"height":1080},{"@type":"BreadcrumbList","@id":"https:\/\/uisoftware.com\/original\/#breadcrumb","itemListElement":[{"@type":"ListItem","position":1,"name":"Home","item":"https:\/\/uisoftware.com\/"},{"@type":"ListItem","position":2,"name":"ArtMatic &#038; Metasynth Store (Old)"}]},{"@type":"WebSite","@id":"https:\/\/uisoftware.com\/#website","url":"https:\/\/uisoftware.com\/","name":"U&amp;I Software, LLC","description":"Aplicaciones \u00fanicas para artistas y m\u00fasicos","publisher":{"@id":"https:\/\/uisoftware.com\/#organization"},"potentialAction":[{"@type":"SearchAction","target":{"@type":"EntryPoint","urlTemplate":"https:\/\/uisoftware.com\/?s={search_term_string}"},"query-input":{"@type":"PropertyValueSpecification","valueRequired":true,"valueName":"search_term_string"}}],"inLanguage":"es"},{"@type":"Organization","@id":"https:\/\/uisoftware.com\/#organization","name":"Software U&amp;I","url":"https:\/\/uisoftware.com\/","logo":{"@type":"ImageObject","inLanguage":"es","@id":"https:\/\/uisoftware.com\/#\/schema\/logo\/image\/","url":"https:\/\/i2.wp.com\/uisoftware.com\/wp-content\/uploads\/2020\/05\/UI_Software_Mark_Round_blue.png?fit=2169%2C2169&ssl=1","contentUrl":"https:\/\/i2.wp.com\/uisoftware.com\/wp-content\/uploads\/2020\/05\/UI_Software_Mark_Round_blue.png?fit=2169%2C2169&ssl=1","width":2169,"height":2169,"caption":"U&I Software"},"image":{"@id":"https:\/\/uisoftware.com\/#\/schema\/logo\/image\/"},"sameAs":["https:\/\/www.facebook.com\/uisoftware","https:\/\/x.com\/UIsoftware","https:\/\/www.instagram.com\/uisoftware_","https:\/\/www.youtube.com\/c\/uisoftware","https:\/\/en.wikipedia.org\/wiki\/MetaSynth"]}]}},"jetpack_likes_enabled":true,"jetpack_sharing_enabled":true,"jetpack_shortlink":"https:\/\/wp.me\/PazsxF-3j","amp_enabled":true,"_links":{"self":[{"href":"https:\/\/uisoftware.com\/es\/wp-json\/wp\/v2\/pages\/205","targetHints":{"allow":["GET"]}}],"collection":[{"href":"https:\/\/uisoftware.com\/es\/wp-json\/wp\/v2\/pages"}],"about":[{"href":"https:\/\/uisoftware.com\/es\/wp-json\/wp\/v2\/types\/page"}],"author":[{"embeddable":true,"href":"https:\/\/uisoftware.com\/es\/wp-json\/wp\/v2\/users\/150113988"}],"replies":[{"embeddable":true,"href":"https:\/\/uisoftware.com\/es\/wp-json\/wp\/v2\/comments?post=205"}],"version-history":[{"count":95,"href":"https:\/\/uisoftware.com\/es\/wp-json\/wp\/v2\/pages\/205\/revisions"}],"predecessor-version":[{"id":1162,"href":"https:\/\/uisoftware.com\/es\/wp-json\/wp\/v2\/pages\/205\/revisions\/1162"}],"wp:featuredmedia":[{"embeddable":true,"href":"https:\/\/uisoftware.com\/es\/wp-json\/wp\/v2\/media\/355"}],"wp:attachment":[{"href":"https:\/\/uisoftware.com\/es\/wp-json\/wp\/v2\/media?parent=205"}],"curies":[{"name":"wp","href":"https:\/\/api.w.org\/{rel}","templated":true}]}}