{"id":8055,"date":"2025-07-20T03:06:45","date_gmt":"2025-07-19T19:06:45","guid":{"rendered":"https:\/\/uisoftware.com\/?page_id=8055"},"modified":"2025-12-14T09:20:08","modified_gmt":"2025-12-14T01:20:08","slug":"artmixer","status":"publish","type":"page","link":"https:\/\/uisoftware.com\/es\/artmixer\/","title":{"rendered":"ArtMixer"},"content":{"rendered":"<h2 class=\"wp-block-heading has-text-align-center\" id=\"h-image-and-video-editing-in-apple-s-metal\">Edici\u00f3n de imagen y v\u00eddeo en Metal de Apple<\/h2>\n\n\n\n<figure class=\"wp-block-image size-large\"><img data-recalc-dims=\"1\" loading=\"lazy\" decoding=\"async\" width=\"1024\" height=\"762\" data-attachment-id=\"9565\" data-permalink=\"https:\/\/uisoftware.com\/es\/artmixer\/artmixer-city-vibes\/\" data-orig-file=\"https:\/\/i0.wp.com\/uisoftware.com\/wp-content\/uploads\/2025\/12\/ArtMixer-City-vibes.png?fit=1233%2C918&amp;ssl=1\" data-orig-size=\"1233,918\" data-comments-opened=\"0\" data-image-meta=\"{&quot;aperture&quot;:&quot;0&quot;,&quot;credit&quot;:&quot;&quot;,&quot;camera&quot;:&quot;&quot;,&quot;caption&quot;:&quot;&quot;,&quot;created_timestamp&quot;:&quot;0&quot;,&quot;copyright&quot;:&quot;&quot;,&quot;focal_length&quot;:&quot;0&quot;,&quot;iso&quot;:&quot;0&quot;,&quot;shutter_speed&quot;:&quot;0&quot;,&quot;title&quot;:&quot;&quot;,&quot;orientation&quot;:&quot;0&quot;}\" data-image-title=\"ArtMixer City vibes\" data-image-description=\"\" data-image-caption=\"\" data-medium-file=\"https:\/\/i0.wp.com\/uisoftware.com\/wp-content\/uploads\/2025\/12\/ArtMixer-City-vibes.png?fit=300%2C223&amp;ssl=1\" data-large-file=\"https:\/\/i0.wp.com\/uisoftware.com\/wp-content\/uploads\/2025\/12\/ArtMixer-City-vibes.png?fit=1024%2C762&amp;ssl=1\" src=\"https:\/\/i0.wp.com\/uisoftware.com\/wp-content\/uploads\/2025\/12\/ArtMixer-City-vibes.png?resize=1024%2C762&#038;ssl=1\" alt=\"\" class=\"wp-image-9565\" srcset=\"https:\/\/i0.wp.com\/uisoftware.com\/wp-content\/uploads\/2025\/12\/ArtMixer-City-vibes.png?resize=1024%2C762&amp;ssl=1 1024w, https:\/\/i0.wp.com\/uisoftware.com\/wp-content\/uploads\/2025\/12\/ArtMixer-City-vibes.png?resize=300%2C223&amp;ssl=1 300w, https:\/\/i0.wp.com\/uisoftware.com\/wp-content\/uploads\/2025\/12\/ArtMixer-City-vibes.png?resize=768%2C572&amp;ssl=1 768w, https:\/\/i0.wp.com\/uisoftware.com\/wp-content\/uploads\/2025\/12\/ArtMixer-City-vibes.png?resize=16%2C12&amp;ssl=1 16w, https:\/\/i0.wp.com\/uisoftware.com\/wp-content\/uploads\/2025\/12\/ArtMixer-City-vibes.png?resize=200%2C150&amp;ssl=1 200w, https:\/\/i0.wp.com\/uisoftware.com\/wp-content\/uploads\/2025\/12\/ArtMixer-City-vibes.png?resize=1200%2C893&amp;ssl=1 1200w, https:\/\/i0.wp.com\/uisoftware.com\/wp-content\/uploads\/2025\/12\/ArtMixer-City-vibes.png?w=1233&amp;ssl=1 1233w\" sizes=\"auto, (max-width: 1024px) 100vw, 1024px\" \/><\/figure>\n\n\n\n<p class=\"wp-block-paragraph\"><strong>ArtMixer Foto<\/strong> es un editor de im\u00e1genes y una herramienta de composici\u00f3n basada en la GPU Metal de Apple y las tecnolog\u00edas de diccionario subyacentes. Est\u00e1 optimizado para trabajar con herramientas de generaci\u00f3n de im\u00e1genes AI, pero tambi\u00e9n se puede utilizar para post-procesar cualquier imagen, o crear dise\u00f1os gr\u00e1ficos desde cero tambi\u00e9n. Est\u00e1 totalmente vectorizado (todos los elementos gr\u00e1ficos, acciones y filtros y efectos se almacenan) y soporta infinitas deshacer. Puedes tener docenas de objetos complejos multi-sombreados todo en tiempo real lo que hace de ArtMixer una herramienta incre\u00edblemente valiosa para la producci\u00f3n de im\u00e1genes.&nbsp;<\/p>\n\n\n\n<p class=\"wp-block-paragraph\">(Esta aplicaci\u00f3n est\u00e1 actualmente en pruebas - \u00a1est\u00e9 atento a la informaci\u00f3n de lanzamiento pronto! Requiere macOS 13 y posteriores, pero la \u00faltima compilaci\u00f3n se ejecuta en macOS 11, pero queremos estar seguros, ya que tiene diferentes funciones de Apple).<\/p>\n\n\n\n<figure class=\"wp-block-image size-large\"><img data-recalc-dims=\"1\" loading=\"lazy\" decoding=\"async\" width=\"1024\" height=\"576\" data-attachment-id=\"8058\" data-permalink=\"https:\/\/uisoftware.com\/es\/artmixer\/screenshot-2025-07-19-at-12-05-34-pm\/\" data-orig-file=\"https:\/\/i0.wp.com\/uisoftware.com\/wp-content\/uploads\/2025\/07\/Screenshot-2025-07-19-at-12.05.34-PM.png?fit=1920%2C1080&amp;ssl=1\" data-orig-size=\"1920,1080\" data-comments-opened=\"0\" data-image-meta=\"{&quot;aperture&quot;:&quot;0&quot;,&quot;credit&quot;:&quot;&quot;,&quot;camera&quot;:&quot;&quot;,&quot;caption&quot;:&quot;&quot;,&quot;created_timestamp&quot;:&quot;0&quot;,&quot;copyright&quot;:&quot;&quot;,&quot;focal_length&quot;:&quot;0&quot;,&quot;iso&quot;:&quot;0&quot;,&quot;shutter_speed&quot;:&quot;0&quot;,&quot;title&quot;:&quot;&quot;,&quot;orientation&quot;:&quot;0&quot;}\" data-image-title=\"Screenshot 2025-07-19 at 12.05.34\u202fPM\" data-image-description=\"\" data-image-caption=\"\" data-medium-file=\"https:\/\/i0.wp.com\/uisoftware.com\/wp-content\/uploads\/2025\/07\/Screenshot-2025-07-19-at-12.05.34-PM.png?fit=300%2C169&amp;ssl=1\" data-large-file=\"https:\/\/i0.wp.com\/uisoftware.com\/wp-content\/uploads\/2025\/07\/Screenshot-2025-07-19-at-12.05.34-PM.png?fit=1024%2C576&amp;ssl=1\" src=\"https:\/\/i0.wp.com\/uisoftware.com\/wp-content\/uploads\/2025\/07\/Screenshot-2025-07-19-at-12.05.34-PM.png?resize=1024%2C576&#038;ssl=1\" alt=\"\" class=\"wp-image-8058\" srcset=\"https:\/\/i0.wp.com\/uisoftware.com\/wp-content\/uploads\/2025\/07\/Screenshot-2025-07-19-at-12.05.34-PM.png?resize=1024%2C576&amp;ssl=1 1024w, https:\/\/i0.wp.com\/uisoftware.com\/wp-content\/uploads\/2025\/07\/Screenshot-2025-07-19-at-12.05.34-PM.png?resize=300%2C169&amp;ssl=1 300w, https:\/\/i0.wp.com\/uisoftware.com\/wp-content\/uploads\/2025\/07\/Screenshot-2025-07-19-at-12.05.34-PM.png?resize=768%2C432&amp;ssl=1 768w, https:\/\/i0.wp.com\/uisoftware.com\/wp-content\/uploads\/2025\/07\/Screenshot-2025-07-19-at-12.05.34-PM.png?resize=1536%2C864&amp;ssl=1 1536w, https:\/\/i0.wp.com\/uisoftware.com\/wp-content\/uploads\/2025\/07\/Screenshot-2025-07-19-at-12.05.34-PM.png?resize=18%2C10&amp;ssl=1 18w, https:\/\/i0.wp.com\/uisoftware.com\/wp-content\/uploads\/2025\/07\/Screenshot-2025-07-19-at-12.05.34-PM.png?resize=1200%2C675&amp;ssl=1 1200w, https:\/\/i0.wp.com\/uisoftware.com\/wp-content\/uploads\/2025\/07\/Screenshot-2025-07-19-at-12.05.34-PM.png?w=1920&amp;ssl=1 1920w\" sizes=\"auto, (max-width: 1024px) 100vw, 1024px\" \/><\/figure>\n\n\n\n<p class=\"wp-block-paragraph\">La aplicaci\u00f3n no s\u00f3lo es \u00fatil en la composici\u00f3n de im\u00e1genes, sino en el dise\u00f1o gr\u00e1fico en general.<\/p>\n\n\n\n<figure class=\"wp-block-image size-large\"><img data-recalc-dims=\"1\" loading=\"lazy\" decoding=\"async\" width=\"1024\" height=\"579\" data-attachment-id=\"8755\" data-permalink=\"https:\/\/uisoftware.com\/es\/artmixer\/screenshot-2025-09-02-at-8-06-49-pm\/\" data-orig-file=\"https:\/\/i0.wp.com\/uisoftware.com\/wp-content\/uploads\/2025\/09\/Screenshot-2025-09-02-at-8.06.49-PM.png?fit=1276%2C722&amp;ssl=1\" data-orig-size=\"1276,722\" data-comments-opened=\"0\" data-image-meta=\"{&quot;aperture&quot;:&quot;0&quot;,&quot;credit&quot;:&quot;&quot;,&quot;camera&quot;:&quot;&quot;,&quot;caption&quot;:&quot;&quot;,&quot;created_timestamp&quot;:&quot;0&quot;,&quot;copyright&quot;:&quot;&quot;,&quot;focal_length&quot;:&quot;0&quot;,&quot;iso&quot;:&quot;0&quot;,&quot;shutter_speed&quot;:&quot;0&quot;,&quot;title&quot;:&quot;&quot;,&quot;orientation&quot;:&quot;0&quot;}\" data-image-title=\"Screenshot 2025-09-02 at 8.06.49\u202fPM\" data-image-description=\"\" data-image-caption=\"\" data-medium-file=\"https:\/\/i0.wp.com\/uisoftware.com\/wp-content\/uploads\/2025\/09\/Screenshot-2025-09-02-at-8.06.49-PM.png?fit=300%2C170&amp;ssl=1\" data-large-file=\"https:\/\/i0.wp.com\/uisoftware.com\/wp-content\/uploads\/2025\/09\/Screenshot-2025-09-02-at-8.06.49-PM.png?fit=1024%2C579&amp;ssl=1\" src=\"https:\/\/i0.wp.com\/uisoftware.com\/wp-content\/uploads\/2025\/09\/Screenshot-2025-09-02-at-8.06.49-PM.png?resize=1024%2C579&#038;ssl=1\" alt=\"\" class=\"wp-image-8755\" srcset=\"https:\/\/i0.wp.com\/uisoftware.com\/wp-content\/uploads\/2025\/09\/Screenshot-2025-09-02-at-8.06.49-PM.png?resize=1024%2C579&amp;ssl=1 1024w, https:\/\/i0.wp.com\/uisoftware.com\/wp-content\/uploads\/2025\/09\/Screenshot-2025-09-02-at-8.06.49-PM.png?resize=300%2C170&amp;ssl=1 300w, https:\/\/i0.wp.com\/uisoftware.com\/wp-content\/uploads\/2025\/09\/Screenshot-2025-09-02-at-8.06.49-PM.png?resize=768%2C435&amp;ssl=1 768w, https:\/\/i0.wp.com\/uisoftware.com\/wp-content\/uploads\/2025\/09\/Screenshot-2025-09-02-at-8.06.49-PM.png?resize=18%2C10&amp;ssl=1 18w, https:\/\/i0.wp.com\/uisoftware.com\/wp-content\/uploads\/2025\/09\/Screenshot-2025-09-02-at-8.06.49-PM.png?resize=1200%2C679&amp;ssl=1 1200w, https:\/\/i0.wp.com\/uisoftware.com\/wp-content\/uploads\/2025\/09\/Screenshot-2025-09-02-at-8.06.49-PM.png?w=1276&amp;ssl=1 1276w\" sizes=\"auto, (max-width: 1024px) 100vw, 1024px\" \/><\/figure>\n\n\n\n<figure class=\"wp-block-image size-full\"><img data-recalc-dims=\"1\" loading=\"lazy\" decoding=\"async\" width=\"1304\" height=\"64\" data-attachment-id=\"421\" data-permalink=\"https:\/\/uisoftware.com\/es\/artmaticctx\/screen-shot-2020-05-26-at-12-06-56-pm\/\" data-orig-file=\"https:\/\/i0.wp.com\/uisoftware.com\/wp-content\/uploads\/2020\/05\/Screen-Shot-2020-05-26-at-12.06.56-PM.png?fit=1304%2C64&amp;ssl=1\" data-orig-size=\"1304,64\" data-comments-opened=\"0\" data-image-meta=\"{&quot;aperture&quot;:&quot;0&quot;,&quot;credit&quot;:&quot;&quot;,&quot;camera&quot;:&quot;&quot;,&quot;caption&quot;:&quot;&quot;,&quot;created_timestamp&quot;:&quot;0&quot;,&quot;copyright&quot;:&quot;&quot;,&quot;focal_length&quot;:&quot;0&quot;,&quot;iso&quot;:&quot;0&quot;,&quot;shutter_speed&quot;:&quot;0&quot;,&quot;title&quot;:&quot;&quot;,&quot;orientation&quot;:&quot;0&quot;}\" data-image-title=\"Screen-Shot-2020-05-26-at-12.06.56-PM\" data-image-description=\"\" data-image-caption=\"\" data-medium-file=\"https:\/\/i0.wp.com\/uisoftware.com\/wp-content\/uploads\/2020\/05\/Screen-Shot-2020-05-26-at-12.06.56-PM.png?fit=300%2C15&amp;ssl=1\" data-large-file=\"https:\/\/i0.wp.com\/uisoftware.com\/wp-content\/uploads\/2020\/05\/Screen-Shot-2020-05-26-at-12.06.56-PM.png?fit=1024%2C50&amp;ssl=1\" src=\"https:\/\/i0.wp.com\/uisoftware.com\/wp-content\/uploads\/2020\/05\/Screen-Shot-2020-05-26-at-12.06.56-PM.png?resize=1304%2C64&#038;ssl=1\" alt=\"\" class=\"wp-image-421\" srcset=\"https:\/\/i0.wp.com\/uisoftware.com\/wp-content\/uploads\/2020\/05\/Screen-Shot-2020-05-26-at-12.06.56-PM.png?w=1304&amp;ssl=1 1304w, https:\/\/i0.wp.com\/uisoftware.com\/wp-content\/uploads\/2020\/05\/Screen-Shot-2020-05-26-at-12.06.56-PM.png?resize=300%2C15&amp;ssl=1 300w, https:\/\/i0.wp.com\/uisoftware.com\/wp-content\/uploads\/2020\/05\/Screen-Shot-2020-05-26-at-12.06.56-PM.png?resize=1024%2C50&amp;ssl=1 1024w, https:\/\/i0.wp.com\/uisoftware.com\/wp-content\/uploads\/2020\/05\/Screen-Shot-2020-05-26-at-12.06.56-PM.png?resize=768%2C38&amp;ssl=1 768w, https:\/\/i0.wp.com\/uisoftware.com\/wp-content\/uploads\/2020\/05\/Screen-Shot-2020-05-26-at-12.06.56-PM.png?resize=1200%2C59&amp;ssl=1 1200w\" sizes=\"auto, (max-width: 1304px) 100vw, 1304px\" \/><\/figure>\n\n\n\n<p class=\"wp-block-paragraph\"><strong>V\u00eddeo de ArtMixer<\/strong> es un complemento de la aplicaci\u00f3n de fotograf\u00eda y el sucesor de <strong>vQuartz<\/strong> en Carbon Mac OS X, <strong>vTrack<\/strong> en PowerPC, y <strong>Videodelic<\/strong> en Mac OS cl\u00e1sico. Permanezca atento mientras el pasado se convierte en presente.\u00a0<\/p>\n\n\n\n<figure class=\"wp-block-image size-large\"><img data-recalc-dims=\"1\" loading=\"lazy\" decoding=\"async\" width=\"1024\" height=\"683\" data-attachment-id=\"9564\" data-permalink=\"https:\/\/uisoftware.com\/es\/artmixer\/vquartz-timeline\/\" data-orig-file=\"https:\/\/i0.wp.com\/uisoftware.com\/wp-content\/uploads\/2025\/12\/vQuartz-Timeline.png?fit=2560%2C1708&amp;ssl=1\" data-orig-size=\"2560,1708\" data-comments-opened=\"0\" data-image-meta=\"{&quot;aperture&quot;:&quot;0&quot;,&quot;credit&quot;:&quot;&quot;,&quot;camera&quot;:&quot;&quot;,&quot;caption&quot;:&quot;&quot;,&quot;created_timestamp&quot;:&quot;0&quot;,&quot;copyright&quot;:&quot;&quot;,&quot;focal_length&quot;:&quot;0&quot;,&quot;iso&quot;:&quot;0&quot;,&quot;shutter_speed&quot;:&quot;0&quot;,&quot;title&quot;:&quot;&quot;,&quot;orientation&quot;:&quot;0&quot;}\" data-image-title=\"vQuartz Timeline\" data-image-description=\"\" data-image-caption=\"\" data-medium-file=\"https:\/\/i0.wp.com\/uisoftware.com\/wp-content\/uploads\/2025\/12\/vQuartz-Timeline.png?fit=300%2C200&amp;ssl=1\" data-large-file=\"https:\/\/i0.wp.com\/uisoftware.com\/wp-content\/uploads\/2025\/12\/vQuartz-Timeline.png?fit=1024%2C683&amp;ssl=1\" src=\"https:\/\/i0.wp.com\/uisoftware.com\/wp-content\/uploads\/2025\/12\/vQuartz-Timeline.png?resize=1024%2C683&#038;ssl=1\" alt=\"\" class=\"wp-image-9564\" srcset=\"https:\/\/i0.wp.com\/uisoftware.com\/wp-content\/uploads\/2025\/12\/vQuartz-Timeline.png?resize=1024%2C683&amp;ssl=1 1024w, https:\/\/i0.wp.com\/uisoftware.com\/wp-content\/uploads\/2025\/12\/vQuartz-Timeline.png?resize=300%2C200&amp;ssl=1 300w, https:\/\/i0.wp.com\/uisoftware.com\/wp-content\/uploads\/2025\/12\/vQuartz-Timeline.png?resize=768%2C512&amp;ssl=1 768w, https:\/\/i0.wp.com\/uisoftware.com\/wp-content\/uploads\/2025\/12\/vQuartz-Timeline.png?resize=1536%2C1025&amp;ssl=1 1536w, https:\/\/i0.wp.com\/uisoftware.com\/wp-content\/uploads\/2025\/12\/vQuartz-Timeline.png?resize=2048%2C1366&amp;ssl=1 2048w, https:\/\/i0.wp.com\/uisoftware.com\/wp-content\/uploads\/2025\/12\/vQuartz-Timeline.png?resize=18%2C12&amp;ssl=1 18w, https:\/\/i0.wp.com\/uisoftware.com\/wp-content\/uploads\/2025\/12\/vQuartz-Timeline.png?resize=1200%2C801&amp;ssl=1 1200w, https:\/\/i0.wp.com\/uisoftware.com\/wp-content\/uploads\/2025\/12\/vQuartz-Timeline.png?resize=1619%2C1080&amp;ssl=1 1619w\" sizes=\"auto, (max-width: 1024px) 100vw, 1024px\" \/><\/figure>\n\n\n\n<p class=\"wp-block-paragraph\"><\/p>","protected":false},"excerpt":{"rendered":"<p>Edici\u00f3n de im\u00e1genes y v\u00eddeo en Metal de Apple ArtMixer Photo es un editor de im\u00e1genes y herramienta de composici\u00f3n basado en la GPU Metal de Apple y las tecnolog\u00edas de diccionario subyacentes. Est\u00e1 optimizado para trabajar con herramientas de generaci\u00f3n de im\u00e1genes AI, pero tambi\u00e9n se puede utilizar para post-procesar cualquier imagen, o crear dise\u00f1os gr\u00e1ficos desde cero tambi\u00e9n. Es totalmente... <br \/> <a class=\"read-more\" href=\"https:\/\/uisoftware.com\/es\/artmixer\/\">Leer m\u00e1s<\/a><\/p>","protected":false},"author":150113988,"featured_media":0,"parent":0,"menu_order":0,"comment_status":"closed","ping_status":"closed","template":"","meta":{"_coblocks_attr":"","_coblocks_dimensions":"","_coblocks_responsive_height":"","_coblocks_accordion_ie_support":"","_crdt_document":"","jetpack_post_was_ever_published":false,"footnotes":""},"class_list":["post-8055","page","type-page","status-publish","hentry"],"yoast_head":"<!-- This site is optimized with the Yoast SEO Premium plugin v27.0 (Yoast SEO v27.1.1) - https:\/\/yoast.com\/product\/yoast-seo-premium-wordpress\/ -->\n<title>ArtMixer - U&amp;I Software, LLC<\/title>\n<meta name=\"robots\" content=\"index, follow, max-snippet:-1, max-image-preview:large, max-video-preview:-1\" \/>\n<link rel=\"canonical\" href=\"https:\/\/uisoftware.com\/es\/artmixer\/\" \/>\n<meta property=\"og:locale\" content=\"es_ES\" \/>\n<meta property=\"og:type\" content=\"article\" \/>\n<meta property=\"og:title\" content=\"ArtMixer\" \/>\n<meta property=\"og:description\" content=\"Image and Video Editing in Apple&#8217;s Metal ArtMixer Photo is an image editor and composition tool based on Apple&#8217;s Metal GPU and underlying dictionary techs. It is streamlined for working with AI image generation tools but can also be used to post-process any image, or create graphic designs from scratch as well. It is entirely&hellip; Leer m\u00e1s\" \/>\n<meta property=\"og:url\" content=\"https:\/\/uisoftware.com\/es\/artmixer\/\" \/>\n<meta property=\"og:site_name\" content=\"U&amp;I Software, LLC\" \/>\n<meta property=\"article:publisher\" content=\"https:\/\/www.facebook.com\/uisoftware\" \/>\n<meta property=\"article:modified_time\" content=\"2025-12-14T01:20:08+00:00\" \/>\n<meta property=\"og:image\" content=\"https:\/\/uisoftware.com\/wp-content\/uploads\/2025\/12\/ArtMixer-City-vibes-1024x762.png\" \/>\n<meta name=\"twitter:card\" content=\"summary_large_image\" \/>\n<meta name=\"twitter:site\" content=\"@UIsoftware\" \/>\n<meta name=\"twitter:label1\" content=\"Tiempo de lectura\" \/>\n\t<meta name=\"twitter:data1\" content=\"2 minutos\" \/>\n<script type=\"application\/ld+json\" class=\"yoast-schema-graph\">{\"@context\":\"https:\/\/schema.org\",\"@graph\":[{\"@type\":\"WebPage\",\"@id\":\"https:\/\/uisoftware.com\/artmixer\/\",\"url\":\"https:\/\/uisoftware.com\/artmixer\/\",\"name\":\"ArtMixer - U&amp;I Software, LLC\",\"isPartOf\":{\"@id\":\"https:\/\/uisoftware.com\/#website\"},\"primaryImageOfPage\":{\"@id\":\"https:\/\/uisoftware.com\/artmixer\/#primaryimage\"},\"image\":{\"@id\":\"https:\/\/uisoftware.com\/artmixer\/#primaryimage\"},\"thumbnailUrl\":\"https:\/\/uisoftware.com\/wp-content\/uploads\/2025\/12\/ArtMixer-City-vibes-1024x762.png\",\"datePublished\":\"2025-07-19T19:06:45+00:00\",\"dateModified\":\"2025-12-14T01:20:08+00:00\",\"breadcrumb\":{\"@id\":\"https:\/\/uisoftware.com\/artmixer\/#breadcrumb\"},\"inLanguage\":\"es\",\"potentialAction\":[{\"@type\":\"ReadAction\",\"target\":[\"https:\/\/uisoftware.com\/artmixer\/\"]}]},{\"@type\":\"ImageObject\",\"inLanguage\":\"es\",\"@id\":\"https:\/\/uisoftware.com\/artmixer\/#primaryimage\",\"url\":\"https:\/\/uisoftware.com\/wp-content\/uploads\/2025\/12\/ArtMixer-City-vibes-1024x762.png\",\"contentUrl\":\"https:\/\/uisoftware.com\/wp-content\/uploads\/2025\/12\/ArtMixer-City-vibes-1024x762.png\"},{\"@type\":\"BreadcrumbList\",\"@id\":\"https:\/\/uisoftware.com\/artmixer\/#breadcrumb\",\"itemListElement\":[{\"@type\":\"ListItem\",\"position\":1,\"name\":\"Home\",\"item\":\"https:\/\/uisoftware.com\/\"},{\"@type\":\"ListItem\",\"position\":2,\"name\":\"ArtMixer\"}]},{\"@type\":\"WebSite\",\"@id\":\"https:\/\/uisoftware.com\/#website\",\"url\":\"https:\/\/uisoftware.com\/\",\"name\":\"U&amp;I Software, LLC\",\"description\":\"Unique Applications for Artists and Musicians\",\"publisher\":{\"@id\":\"https:\/\/uisoftware.com\/#organization\"},\"potentialAction\":[{\"@type\":\"SearchAction\",\"target\":{\"@type\":\"EntryPoint\",\"urlTemplate\":\"https:\/\/uisoftware.com\/?s={search_term_string}\"},\"query-input\":{\"@type\":\"PropertyValueSpecification\",\"valueRequired\":true,\"valueName\":\"search_term_string\"}}],\"inLanguage\":\"es\"},{\"@type\":\"Organization\",\"@id\":\"https:\/\/uisoftware.com\/#organization\",\"name\":\"U&I Software\",\"url\":\"https:\/\/uisoftware.com\/\",\"logo\":{\"@type\":\"ImageObject\",\"inLanguage\":\"es\",\"@id\":\"https:\/\/uisoftware.com\/#\/schema\/logo\/image\/\",\"url\":\"https:\/\/i2.wp.com\/uisoftware.com\/wp-content\/uploads\/2020\/05\/UI_Software_Mark_Round_blue.png?fit=2169%2C2169&ssl=1\",\"contentUrl\":\"https:\/\/i2.wp.com\/uisoftware.com\/wp-content\/uploads\/2020\/05\/UI_Software_Mark_Round_blue.png?fit=2169%2C2169&ssl=1\",\"width\":2169,\"height\":2169,\"caption\":\"U&I Software\"},\"image\":{\"@id\":\"https:\/\/uisoftware.com\/#\/schema\/logo\/image\/\"},\"sameAs\":[\"https:\/\/www.facebook.com\/uisoftware\",\"https:\/\/x.com\/UIsoftware\",\"https:\/\/www.instagram.com\/uisoftware_\",\"https:\/\/www.youtube.com\/c\/uisoftware\",\"https:\/\/en.wikipedia.org\/wiki\/MetaSynth\"]}]}<\/script>\n<!-- \/ Yoast SEO Premium plugin. -->","yoast_head_json":{"title":"ArtMixer - U&amp;I Software, LLC","robots":{"index":"index","follow":"follow","max-snippet":"max-snippet:-1","max-image-preview":"max-image-preview:large","max-video-preview":"max-video-preview:-1"},"canonical":"https:\/\/uisoftware.com\/es\/artmixer\/","og_locale":"es_ES","og_type":"article","og_title":"ArtMixer","og_description":"Image and Video Editing in Apple&#8217;s Metal ArtMixer Photo is an image editor and composition tool based on Apple&#8217;s Metal GPU and underlying dictionary techs. It is streamlined for working with AI image generation tools but can also be used to post-process any image, or create graphic designs from scratch as well. It is entirely&hellip; Leer m\u00e1s","og_url":"https:\/\/uisoftware.com\/es\/artmixer\/","og_site_name":"U&amp;I Software, LLC","article_publisher":"https:\/\/www.facebook.com\/uisoftware","article_modified_time":"2025-12-14T01:20:08+00:00","og_image":[{"url":"https:\/\/uisoftware.com\/wp-content\/uploads\/2025\/12\/ArtMixer-City-vibes-1024x762.png","type":"","width":"","height":""}],"twitter_card":"summary_large_image","twitter_site":"@UIsoftware","twitter_misc":{"Tiempo de lectura":"2 minutos"},"schema":{"@context":"https:\/\/schema.org","@graph":[{"@type":"WebPage","@id":"https:\/\/uisoftware.com\/artmixer\/","url":"https:\/\/uisoftware.com\/artmixer\/","name":"ArtMixer - U&amp;I Software, LLC","isPartOf":{"@id":"https:\/\/uisoftware.com\/#website"},"primaryImageOfPage":{"@id":"https:\/\/uisoftware.com\/artmixer\/#primaryimage"},"image":{"@id":"https:\/\/uisoftware.com\/artmixer\/#primaryimage"},"thumbnailUrl":"https:\/\/uisoftware.com\/wp-content\/uploads\/2025\/12\/ArtMixer-City-vibes-1024x762.png","datePublished":"2025-07-19T19:06:45+00:00","dateModified":"2025-12-14T01:20:08+00:00","breadcrumb":{"@id":"https:\/\/uisoftware.com\/artmixer\/#breadcrumb"},"inLanguage":"es","potentialAction":[{"@type":"ReadAction","target":["https:\/\/uisoftware.com\/artmixer\/"]}]},{"@type":"ImageObject","inLanguage":"es","@id":"https:\/\/uisoftware.com\/artmixer\/#primaryimage","url":"https:\/\/uisoftware.com\/wp-content\/uploads\/2025\/12\/ArtMixer-City-vibes-1024x762.png","contentUrl":"https:\/\/uisoftware.com\/wp-content\/uploads\/2025\/12\/ArtMixer-City-vibes-1024x762.png"},{"@type":"BreadcrumbList","@id":"https:\/\/uisoftware.com\/artmixer\/#breadcrumb","itemListElement":[{"@type":"ListItem","position":1,"name":"Home","item":"https:\/\/uisoftware.com\/"},{"@type":"ListItem","position":2,"name":"ArtMixer"}]},{"@type":"WebSite","@id":"https:\/\/uisoftware.com\/#website","url":"https:\/\/uisoftware.com\/","name":"U&amp;I Software, LLC","description":"Aplicaciones \u00fanicas para artistas y m\u00fasicos","publisher":{"@id":"https:\/\/uisoftware.com\/#organization"},"potentialAction":[{"@type":"SearchAction","target":{"@type":"EntryPoint","urlTemplate":"https:\/\/uisoftware.com\/?s={search_term_string}"},"query-input":{"@type":"PropertyValueSpecification","valueRequired":true,"valueName":"search_term_string"}}],"inLanguage":"es"},{"@type":"Organization","@id":"https:\/\/uisoftware.com\/#organization","name":"Software U&amp;I","url":"https:\/\/uisoftware.com\/","logo":{"@type":"ImageObject","inLanguage":"es","@id":"https:\/\/uisoftware.com\/#\/schema\/logo\/image\/","url":"https:\/\/i2.wp.com\/uisoftware.com\/wp-content\/uploads\/2020\/05\/UI_Software_Mark_Round_blue.png?fit=2169%2C2169&ssl=1","contentUrl":"https:\/\/i2.wp.com\/uisoftware.com\/wp-content\/uploads\/2020\/05\/UI_Software_Mark_Round_blue.png?fit=2169%2C2169&ssl=1","width":2169,"height":2169,"caption":"U&I Software"},"image":{"@id":"https:\/\/uisoftware.com\/#\/schema\/logo\/image\/"},"sameAs":["https:\/\/www.facebook.com\/uisoftware","https:\/\/x.com\/UIsoftware","https:\/\/www.instagram.com\/uisoftware_","https:\/\/www.youtube.com\/c\/uisoftware","https:\/\/en.wikipedia.org\/wiki\/MetaSynth"]}]}},"jetpack_likes_enabled":true,"jetpack_sharing_enabled":true,"jetpack_shortlink":"https:\/\/wp.me\/PazsxF-25V","amp_enabled":true,"_links":{"self":[{"href":"https:\/\/uisoftware.com\/es\/wp-json\/wp\/v2\/pages\/8055","targetHints":{"allow":["GET"]}}],"collection":[{"href":"https:\/\/uisoftware.com\/es\/wp-json\/wp\/v2\/pages"}],"about":[{"href":"https:\/\/uisoftware.com\/es\/wp-json\/wp\/v2\/types\/page"}],"author":[{"embeddable":true,"href":"https:\/\/uisoftware.com\/es\/wp-json\/wp\/v2\/users\/150113988"}],"replies":[{"embeddable":true,"href":"https:\/\/uisoftware.com\/es\/wp-json\/wp\/v2\/comments?post=8055"}],"version-history":[{"count":16,"href":"https:\/\/uisoftware.com\/es\/wp-json\/wp\/v2\/pages\/8055\/revisions"}],"predecessor-version":[{"id":9647,"href":"https:\/\/uisoftware.com\/es\/wp-json\/wp\/v2\/pages\/8055\/revisions\/9647"}],"wp:attachment":[{"href":"https:\/\/uisoftware.com\/es\/wp-json\/wp\/v2\/media?parent=8055"}],"curies":[{"name":"wp","href":"https:\/\/api.w.org\/{rel}","templated":true}]}}