{"id":8055,"date":"2025-07-20T03:06:45","date_gmt":"2025-07-19T19:06:45","guid":{"rendered":"https:\/\/uisoftware.com\/?page_id=8055"},"modified":"2026-05-07T08:21:13","modified_gmt":"2026-05-07T00:21:13","slug":"artmixer","status":"publish","type":"page","link":"https:\/\/uisoftware.com\/pl\/artmixer\/","title":{"rendered":"ArtMixer"},"content":{"rendered":"<h2 class=\"wp-block-heading has-text-align-center\" id=\"h-image-and-video-editing-in-apple-s-metal\">Edycja obraz\u00f3w i wideo w Apple Metal<\/h2>\n\n\n\n<figure class=\"wp-block-image size-large\"><img data-recalc-dims=\"1\" loading=\"lazy\" decoding=\"async\" width=\"1024\" height=\"762\" data-attachment-id=\"9565\" data-permalink=\"https:\/\/uisoftware.com\/pl\/artmixer\/artmixer-city-vibes\/\" data-orig-file=\"https:\/\/i0.wp.com\/uisoftware.com\/wp-content\/uploads\/2025\/12\/ArtMixer-City-vibes.png?fit=1233%2C918&amp;ssl=1\" data-orig-size=\"1233,918\" data-comments-opened=\"0\" data-image-meta=\"{&quot;aperture&quot;:&quot;0&quot;,&quot;credit&quot;:&quot;&quot;,&quot;camera&quot;:&quot;&quot;,&quot;caption&quot;:&quot;&quot;,&quot;created_timestamp&quot;:&quot;0&quot;,&quot;copyright&quot;:&quot;&quot;,&quot;focal_length&quot;:&quot;0&quot;,&quot;iso&quot;:&quot;0&quot;,&quot;shutter_speed&quot;:&quot;0&quot;,&quot;title&quot;:&quot;&quot;,&quot;orientation&quot;:&quot;0&quot;}\" data-image-title=\"ArtMixer City vibes\" data-image-description=\"\" data-image-caption=\"\" data-large-file=\"https:\/\/i0.wp.com\/uisoftware.com\/wp-content\/uploads\/2025\/12\/ArtMixer-City-vibes.png?fit=1024%2C762&amp;ssl=1\" src=\"https:\/\/i0.wp.com\/uisoftware.com\/wp-content\/uploads\/2025\/12\/ArtMixer-City-vibes.png?resize=1024%2C762&#038;ssl=1\" alt=\"\" class=\"wp-image-9565\" srcset=\"https:\/\/i0.wp.com\/uisoftware.com\/wp-content\/uploads\/2025\/12\/ArtMixer-City-vibes.png?resize=1024%2C762&amp;ssl=1 1024w, https:\/\/i0.wp.com\/uisoftware.com\/wp-content\/uploads\/2025\/12\/ArtMixer-City-vibes.png?resize=300%2C223&amp;ssl=1 300w, https:\/\/i0.wp.com\/uisoftware.com\/wp-content\/uploads\/2025\/12\/ArtMixer-City-vibes.png?resize=768%2C572&amp;ssl=1 768w, https:\/\/i0.wp.com\/uisoftware.com\/wp-content\/uploads\/2025\/12\/ArtMixer-City-vibes.png?resize=16%2C12&amp;ssl=1 16w, https:\/\/i0.wp.com\/uisoftware.com\/wp-content\/uploads\/2025\/12\/ArtMixer-City-vibes.png?resize=200%2C150&amp;ssl=1 200w, https:\/\/i0.wp.com\/uisoftware.com\/wp-content\/uploads\/2025\/12\/ArtMixer-City-vibes.png?resize=1200%2C893&amp;ssl=1 1200w, https:\/\/i0.wp.com\/uisoftware.com\/wp-content\/uploads\/2025\/12\/ArtMixer-City-vibes.png?w=1233&amp;ssl=1 1233w\" sizes=\"auto, (max-width: 1024px) 100vw, 1024px\" \/><\/figure>\n\n\n\n<p class=\"wp-block-paragraph\"><strong>ArtMixer Photo<\/strong> to edytor obraz\u00f3w i narz\u0119dzie do komponowania oparte na procesorze graficznym Metal firmy Apple i podstawowych technologiach s\u0142ownikowych. Jest ono usprawnione pod k\u0105tem pracy z narz\u0119dziami do generowania obraz\u00f3w AI, ale mo\u017ce by\u0107 r\u00f3wnie\u017c u\u017cywane do post-processingu dowolnego obrazu lub tworzenia projekt\u00f3w graficznych od podstaw. Jest ca\u0142kowicie wektoryzowany (wszystkie elementy graficzne, akcje oraz filtry i efekty s\u0105 przechowywane) i obs\u0142uguje niesko\u0144czone cofanie. W czasie rzeczywistym mo\u017cna tworzy\u0107 dziesi\u0105tki z\u0142o\u017conych obiekt\u00f3w z wieloma cieniami, co czyni ArtMixer niezwykle cennym narz\u0119dziem do produkcji obraz\u00f3w.&nbsp;<\/p>\n\n\n\n<p class=\"wp-block-paragraph\"><\/p>\n\n\n\n<figure class=\"wp-block-image size-large\"><img data-recalc-dims=\"1\" loading=\"lazy\" decoding=\"async\" width=\"1024\" height=\"576\" data-attachment-id=\"8058\" data-permalink=\"https:\/\/uisoftware.com\/pl\/artmixer\/screenshot-2025-07-19-at-12-05-34-pm\/\" data-orig-file=\"https:\/\/i0.wp.com\/uisoftware.com\/wp-content\/uploads\/2025\/07\/Screenshot-2025-07-19-at-12.05.34-PM.png?fit=1920%2C1080&amp;ssl=1\" data-orig-size=\"1920,1080\" data-comments-opened=\"0\" data-image-meta=\"{&quot;aperture&quot;:&quot;0&quot;,&quot;credit&quot;:&quot;&quot;,&quot;camera&quot;:&quot;&quot;,&quot;caption&quot;:&quot;&quot;,&quot;created_timestamp&quot;:&quot;0&quot;,&quot;copyright&quot;:&quot;&quot;,&quot;focal_length&quot;:&quot;0&quot;,&quot;iso&quot;:&quot;0&quot;,&quot;shutter_speed&quot;:&quot;0&quot;,&quot;title&quot;:&quot;&quot;,&quot;orientation&quot;:&quot;0&quot;}\" data-image-title=\"Screenshot 2025-07-19 at 12.05.34\u202fPM\" data-image-description=\"\" data-image-caption=\"\" data-large-file=\"https:\/\/i0.wp.com\/uisoftware.com\/wp-content\/uploads\/2025\/07\/Screenshot-2025-07-19-at-12.05.34-PM.png?fit=1024%2C576&amp;ssl=1\" src=\"https:\/\/i0.wp.com\/uisoftware.com\/wp-content\/uploads\/2025\/07\/Screenshot-2025-07-19-at-12.05.34-PM.png?resize=1024%2C576&#038;ssl=1\" alt=\"\" class=\"wp-image-8058\" srcset=\"https:\/\/i0.wp.com\/uisoftware.com\/wp-content\/uploads\/2025\/07\/Screenshot-2025-07-19-at-12.05.34-PM.png?resize=1024%2C576&amp;ssl=1 1024w, https:\/\/i0.wp.com\/uisoftware.com\/wp-content\/uploads\/2025\/07\/Screenshot-2025-07-19-at-12.05.34-PM.png?resize=300%2C169&amp;ssl=1 300w, https:\/\/i0.wp.com\/uisoftware.com\/wp-content\/uploads\/2025\/07\/Screenshot-2025-07-19-at-12.05.34-PM.png?resize=768%2C432&amp;ssl=1 768w, https:\/\/i0.wp.com\/uisoftware.com\/wp-content\/uploads\/2025\/07\/Screenshot-2025-07-19-at-12.05.34-PM.png?resize=1536%2C864&amp;ssl=1 1536w, https:\/\/i0.wp.com\/uisoftware.com\/wp-content\/uploads\/2025\/07\/Screenshot-2025-07-19-at-12.05.34-PM.png?resize=18%2C10&amp;ssl=1 18w, https:\/\/i0.wp.com\/uisoftware.com\/wp-content\/uploads\/2025\/07\/Screenshot-2025-07-19-at-12.05.34-PM.png?resize=1200%2C675&amp;ssl=1 1200w, https:\/\/i0.wp.com\/uisoftware.com\/wp-content\/uploads\/2025\/07\/Screenshot-2025-07-19-at-12.05.34-PM.png?w=1920&amp;ssl=1 1920w\" sizes=\"auto, (max-width: 1024px) 100vw, 1024px\" \/><\/figure>\n\n\n\n<p class=\"wp-block-paragraph\"><\/p>\n\n\n\n<p class=\"wp-block-paragraph\">ArtMixer Photo jest przydatny nie tylko do komponowania obraz\u00f3w, ale tak\u017ce do projektowania graficznego - nak\u0142adania warstw kszta\u0142t\u00f3w, sprite'\u00f3w i tekstu.<\/p>\n\n\n\n<figure class=\"wp-block-image size-large\"><img data-recalc-dims=\"1\" loading=\"lazy\" decoding=\"async\" width=\"1024\" height=\"579\" data-attachment-id=\"8755\" data-permalink=\"https:\/\/uisoftware.com\/pl\/artmixer\/screenshot-2025-09-02-at-8-06-49-pm\/\" data-orig-file=\"https:\/\/i0.wp.com\/uisoftware.com\/wp-content\/uploads\/2025\/09\/Screenshot-2025-09-02-at-8.06.49-PM.png?fit=1276%2C722&amp;ssl=1\" data-orig-size=\"1276,722\" data-comments-opened=\"0\" data-image-meta=\"{&quot;aperture&quot;:&quot;0&quot;,&quot;credit&quot;:&quot;&quot;,&quot;camera&quot;:&quot;&quot;,&quot;caption&quot;:&quot;&quot;,&quot;created_timestamp&quot;:&quot;0&quot;,&quot;copyright&quot;:&quot;&quot;,&quot;focal_length&quot;:&quot;0&quot;,&quot;iso&quot;:&quot;0&quot;,&quot;shutter_speed&quot;:&quot;0&quot;,&quot;title&quot;:&quot;&quot;,&quot;orientation&quot;:&quot;0&quot;}\" data-image-title=\"Screenshot 2025-09-02 at 8.06.49\u202fPM\" data-image-description=\"\" data-image-caption=\"\" data-large-file=\"https:\/\/i0.wp.com\/uisoftware.com\/wp-content\/uploads\/2025\/09\/Screenshot-2025-09-02-at-8.06.49-PM.png?fit=1024%2C579&amp;ssl=1\" src=\"https:\/\/i0.wp.com\/uisoftware.com\/wp-content\/uploads\/2025\/09\/Screenshot-2025-09-02-at-8.06.49-PM.png?resize=1024%2C579&#038;ssl=1\" alt=\"\" class=\"wp-image-8755\" srcset=\"https:\/\/i0.wp.com\/uisoftware.com\/wp-content\/uploads\/2025\/09\/Screenshot-2025-09-02-at-8.06.49-PM.png?resize=1024%2C579&amp;ssl=1 1024w, https:\/\/i0.wp.com\/uisoftware.com\/wp-content\/uploads\/2025\/09\/Screenshot-2025-09-02-at-8.06.49-PM.png?resize=300%2C170&amp;ssl=1 300w, https:\/\/i0.wp.com\/uisoftware.com\/wp-content\/uploads\/2025\/09\/Screenshot-2025-09-02-at-8.06.49-PM.png?resize=768%2C435&amp;ssl=1 768w, https:\/\/i0.wp.com\/uisoftware.com\/wp-content\/uploads\/2025\/09\/Screenshot-2025-09-02-at-8.06.49-PM.png?resize=18%2C10&amp;ssl=1 18w, https:\/\/i0.wp.com\/uisoftware.com\/wp-content\/uploads\/2025\/09\/Screenshot-2025-09-02-at-8.06.49-PM.png?resize=1200%2C679&amp;ssl=1 1200w, https:\/\/i0.wp.com\/uisoftware.com\/wp-content\/uploads\/2025\/09\/Screenshot-2025-09-02-at-8.06.49-PM.png?w=1276&amp;ssl=1 1276w\" sizes=\"auto, (max-width: 1024px) 100vw, 1024px\" \/><\/figure>\n\n\n\n<figure class=\"wp-block-image size-full\"><img data-recalc-dims=\"1\" loading=\"lazy\" decoding=\"async\" width=\"1304\" height=\"64\" data-attachment-id=\"421\" data-permalink=\"https:\/\/uisoftware.com\/pl\/artmaticctx\/screen-shot-2020-05-26-at-12-06-56-pm\/\" data-orig-file=\"https:\/\/i0.wp.com\/uisoftware.com\/wp-content\/uploads\/2020\/05\/Screen-Shot-2020-05-26-at-12.06.56-PM.png?fit=1304%2C64&amp;ssl=1\" data-orig-size=\"1304,64\" data-comments-opened=\"0\" data-image-meta=\"{&quot;aperture&quot;:&quot;0&quot;,&quot;credit&quot;:&quot;&quot;,&quot;camera&quot;:&quot;&quot;,&quot;caption&quot;:&quot;&quot;,&quot;created_timestamp&quot;:&quot;0&quot;,&quot;copyright&quot;:&quot;&quot;,&quot;focal_length&quot;:&quot;0&quot;,&quot;iso&quot;:&quot;0&quot;,&quot;shutter_speed&quot;:&quot;0&quot;,&quot;title&quot;:&quot;&quot;,&quot;orientation&quot;:&quot;0&quot;}\" data-image-title=\"Screen-Shot-2020-05-26-at-12.06.56-PM\" data-image-description=\"\" data-image-caption=\"\" data-large-file=\"https:\/\/i0.wp.com\/uisoftware.com\/wp-content\/uploads\/2020\/05\/Screen-Shot-2020-05-26-at-12.06.56-PM.png?fit=1024%2C50&amp;ssl=1\" src=\"https:\/\/i0.wp.com\/uisoftware.com\/wp-content\/uploads\/2020\/05\/Screen-Shot-2020-05-26-at-12.06.56-PM.png?resize=1304%2C64&#038;ssl=1\" alt=\"\" class=\"wp-image-421\" srcset=\"https:\/\/i0.wp.com\/uisoftware.com\/wp-content\/uploads\/2020\/05\/Screen-Shot-2020-05-26-at-12.06.56-PM.png?w=1304&amp;ssl=1 1304w, https:\/\/i0.wp.com\/uisoftware.com\/wp-content\/uploads\/2020\/05\/Screen-Shot-2020-05-26-at-12.06.56-PM.png?resize=300%2C15&amp;ssl=1 300w, https:\/\/i0.wp.com\/uisoftware.com\/wp-content\/uploads\/2020\/05\/Screen-Shot-2020-05-26-at-12.06.56-PM.png?resize=1024%2C50&amp;ssl=1 1024w, https:\/\/i0.wp.com\/uisoftware.com\/wp-content\/uploads\/2020\/05\/Screen-Shot-2020-05-26-at-12.06.56-PM.png?resize=768%2C38&amp;ssl=1 768w, https:\/\/i0.wp.com\/uisoftware.com\/wp-content\/uploads\/2020\/05\/Screen-Shot-2020-05-26-at-12.06.56-PM.png?resize=1200%2C59&amp;ssl=1 1200w\" sizes=\"auto, (max-width: 1304px) 100vw, 1304px\" \/><\/figure>\n\n\n\n<p class=\"wp-block-paragraph\"><strong>ArtMixer Video<\/strong> jest towarzyszem aplikacji do zdj\u0119\u0107 i nast\u0119pc\u0105 <strong>vQuartz<\/strong> na Carbon Mac OS X, <strong>vTrack<\/strong> na PowerPC, oraz <strong>Videodelic<\/strong> na klasycznym Mac OS. B\u0105d\u017a na bie\u017c\u0105co, poniewa\u017c przesz\u0142o\u015b\u0107 staje si\u0119 tera\u017aniejszo\u015bci\u0105.&nbsp;<\/p>\n\n\n\n<figure class=\"wp-block-image size-large\"><img data-recalc-dims=\"1\" loading=\"lazy\" decoding=\"async\" width=\"1024\" height=\"683\" data-attachment-id=\"9564\" data-permalink=\"https:\/\/uisoftware.com\/pl\/artmixer\/vquartz-timeline\/\" data-orig-file=\"https:\/\/i0.wp.com\/uisoftware.com\/wp-content\/uploads\/2025\/12\/vQuartz-Timeline.png?fit=2560%2C1708&amp;ssl=1\" data-orig-size=\"2560,1708\" data-comments-opened=\"0\" data-image-meta=\"{&quot;aperture&quot;:&quot;0&quot;,&quot;credit&quot;:&quot;&quot;,&quot;camera&quot;:&quot;&quot;,&quot;caption&quot;:&quot;&quot;,&quot;created_timestamp&quot;:&quot;0&quot;,&quot;copyright&quot;:&quot;&quot;,&quot;focal_length&quot;:&quot;0&quot;,&quot;iso&quot;:&quot;0&quot;,&quot;shutter_speed&quot;:&quot;0&quot;,&quot;title&quot;:&quot;&quot;,&quot;orientation&quot;:&quot;0&quot;}\" data-image-title=\"vQuartz Timeline\" data-image-description=\"\" data-image-caption=\"\" data-large-file=\"https:\/\/i0.wp.com\/uisoftware.com\/wp-content\/uploads\/2025\/12\/vQuartz-Timeline.png?fit=1024%2C683&amp;ssl=1\" src=\"https:\/\/i0.wp.com\/uisoftware.com\/wp-content\/uploads\/2025\/12\/vQuartz-Timeline.png?resize=1024%2C683&#038;ssl=1\" alt=\"\" class=\"wp-image-9564\" srcset=\"https:\/\/i0.wp.com\/uisoftware.com\/wp-content\/uploads\/2025\/12\/vQuartz-Timeline.png?resize=1024%2C683&amp;ssl=1 1024w, https:\/\/i0.wp.com\/uisoftware.com\/wp-content\/uploads\/2025\/12\/vQuartz-Timeline.png?resize=300%2C200&amp;ssl=1 300w, https:\/\/i0.wp.com\/uisoftware.com\/wp-content\/uploads\/2025\/12\/vQuartz-Timeline.png?resize=768%2C512&amp;ssl=1 768w, https:\/\/i0.wp.com\/uisoftware.com\/wp-content\/uploads\/2025\/12\/vQuartz-Timeline.png?resize=1536%2C1025&amp;ssl=1 1536w, https:\/\/i0.wp.com\/uisoftware.com\/wp-content\/uploads\/2025\/12\/vQuartz-Timeline.png?resize=2048%2C1366&amp;ssl=1 2048w, https:\/\/i0.wp.com\/uisoftware.com\/wp-content\/uploads\/2025\/12\/vQuartz-Timeline.png?resize=18%2C12&amp;ssl=1 18w, https:\/\/i0.wp.com\/uisoftware.com\/wp-content\/uploads\/2025\/12\/vQuartz-Timeline.png?resize=1200%2C801&amp;ssl=1 1200w, https:\/\/i0.wp.com\/uisoftware.com\/wp-content\/uploads\/2025\/12\/vQuartz-Timeline.png?resize=1619%2C1080&amp;ssl=1 1619w\" sizes=\"auto, (max-width: 1024px) 100vw, 1024px\" \/><\/figure>\n\n\n\n<p class=\"wp-block-paragraph\"><\/p>","protected":false},"excerpt":{"rendered":"<p>Edycja obraz\u00f3w i wideo w Apple Metal ArtMixer Photo to edytor obraz\u00f3w i narz\u0119dzie do komponowania oparte na procesorze graficznym Metal firmy Apple i podstawowych technologiach s\u0142ownikowych. Jest usprawnione do pracy z narz\u0119dziami do generowania obraz\u00f3w AI, ale mo\u017ce by\u0107 r\u00f3wnie\u017c u\u017cywane do post-processingu dowolnego obrazu lub tworzenia projekt\u00f3w graficznych od podstaw. Jest ca\u0142kowicie... <br \/> <a class=\"read-more\" href=\"https:\/\/uisoftware.com\/pl\/artmixer\/\">Dowiedz si\u0119 wi\u0119cej<\/a><\/p>","protected":false},"author":150113988,"featured_media":8921,"parent":0,"menu_order":0,"comment_status":"closed","ping_status":"closed","template":"","meta":{"_coblocks_attr":"","_coblocks_dimensions":"","_coblocks_responsive_height":"","_coblocks_accordion_ie_support":"","_crdt_document":"","footnotes":""},"class_list":["post-8055","page","type-page","status-publish","has-post-thumbnail","hentry"],"yoast_head":"<!-- This site is optimized with the Yoast SEO Premium plugin v27.5 (Yoast SEO v27.5) - https:\/\/yoast.com\/product\/yoast-seo-premium-wordpress\/ -->\n<title>ArtMixer - U&amp;I Software, LLC<\/title>\n<meta name=\"robots\" content=\"index, follow, max-snippet:-1, max-image-preview:large, max-video-preview:-1\" \/>\n<link rel=\"canonical\" href=\"https:\/\/uisoftware.com\/pl\/artmixer\/\" \/>\n<meta property=\"og:locale\" content=\"pl_PL\" \/>\n<meta property=\"og:type\" content=\"article\" \/>\n<meta property=\"og:title\" content=\"ArtMixer\" \/>\n<meta property=\"og:description\" content=\"Image and Video Editing in Apple&#8217;s Metal ArtMixer Photo is an image editor and composition tool based on Apple&#8217;s Metal GPU and underlying dictionary techs. It is streamlined for working with AI image generation tools but can also be used to post-process any image, or create graphic designs from scratch as well. It is entirely&hellip; Dowiedz si\u0119 wi\u0119cej\" \/>\n<meta property=\"og:url\" content=\"https:\/\/uisoftware.com\/pl\/artmixer\/\" \/>\n<meta property=\"og:site_name\" content=\"U&amp;I Software, LLC\" \/>\n<meta property=\"article:publisher\" content=\"https:\/\/www.facebook.com\/uisoftware\" \/>\n<meta property=\"article:modified_time\" content=\"2026-05-07T00:21:13+00:00\" \/>\n<meta property=\"og:image\" content=\"https:\/\/uisoftware.com\/wp-content\/uploads\/2025\/10\/Screenshot-2025-10-23-at-3.46.10-PM-scale.png\" \/>\n\t<meta property=\"og:image:width\" content=\"960\" \/>\n\t<meta property=\"og:image:height\" content=\"540\" \/>\n\t<meta property=\"og:image:type\" content=\"image\/png\" \/>\n<meta name=\"twitter:card\" content=\"summary_large_image\" \/>\n<meta name=\"twitter:site\" content=\"@UIsoftware\" \/>\n<meta name=\"twitter:label1\" content=\"Szacowany czas czytania\" \/>\n\t<meta name=\"twitter:data1\" content=\"2 minuty\" \/>\n<script type=\"application\/ld+json\" class=\"yoast-schema-graph\">{\"@context\":\"https:\\\/\\\/schema.org\",\"@graph\":[{\"@type\":\"WebPage\",\"@id\":\"https:\\\/\\\/uisoftware.com\\\/artmixer\\\/\",\"url\":\"https:\\\/\\\/uisoftware.com\\\/artmixer\\\/\",\"name\":\"ArtMixer - U&amp;I Software, LLC\",\"isPartOf\":{\"@id\":\"https:\\\/\\\/uisoftware.com\\\/#website\"},\"primaryImageOfPage\":{\"@id\":\"https:\\\/\\\/uisoftware.com\\\/artmixer\\\/#primaryimage\"},\"image\":{\"@id\":\"https:\\\/\\\/uisoftware.com\\\/artmixer\\\/#primaryimage\"},\"thumbnailUrl\":\"https:\\\/\\\/i0.wp.com\\\/uisoftware.com\\\/wp-content\\\/uploads\\\/2025\\\/10\\\/Screenshot-2025-10-23-at-3.46.10-PM-scale.png?fit=960%2C540&ssl=1\",\"datePublished\":\"2025-07-19T19:06:45+00:00\",\"dateModified\":\"2026-05-07T00:21:13+00:00\",\"breadcrumb\":{\"@id\":\"https:\\\/\\\/uisoftware.com\\\/artmixer\\\/#breadcrumb\"},\"inLanguage\":\"pl-PL\",\"potentialAction\":[{\"@type\":\"ReadAction\",\"target\":[\"https:\\\/\\\/uisoftware.com\\\/artmixer\\\/\"]}]},{\"@type\":\"ImageObject\",\"inLanguage\":\"pl-PL\",\"@id\":\"https:\\\/\\\/uisoftware.com\\\/artmixer\\\/#primaryimage\",\"url\":\"https:\\\/\\\/i0.wp.com\\\/uisoftware.com\\\/wp-content\\\/uploads\\\/2025\\\/10\\\/Screenshot-2025-10-23-at-3.46.10-PM-scale.png?fit=960%2C540&ssl=1\",\"contentUrl\":\"https:\\\/\\\/i0.wp.com\\\/uisoftware.com\\\/wp-content\\\/uploads\\\/2025\\\/10\\\/Screenshot-2025-10-23-at-3.46.10-PM-scale.png?fit=960%2C540&ssl=1\",\"width\":960,\"height\":540},{\"@type\":\"BreadcrumbList\",\"@id\":\"https:\\\/\\\/uisoftware.com\\\/artmixer\\\/#breadcrumb\",\"itemListElement\":[{\"@type\":\"ListItem\",\"position\":1,\"name\":\"Home\",\"item\":\"https:\\\/\\\/uisoftware.com\\\/\"},{\"@type\":\"ListItem\",\"position\":2,\"name\":\"ArtMixer\"}]},{\"@type\":\"WebSite\",\"@id\":\"https:\\\/\\\/uisoftware.com\\\/#website\",\"url\":\"https:\\\/\\\/uisoftware.com\\\/\",\"name\":\"U&amp;I Software, LLC\",\"description\":\"Unique Applications for Artists and Musicians\",\"publisher\":{\"@id\":\"https:\\\/\\\/uisoftware.com\\\/#organization\"},\"potentialAction\":[{\"@type\":\"SearchAction\",\"target\":{\"@type\":\"EntryPoint\",\"urlTemplate\":\"https:\\\/\\\/uisoftware.com\\\/?s={search_term_string}\"},\"query-input\":{\"@type\":\"PropertyValueSpecification\",\"valueRequired\":true,\"valueName\":\"search_term_string\"}}],\"inLanguage\":\"pl-PL\"},{\"@type\":\"Organization\",\"@id\":\"https:\\\/\\\/uisoftware.com\\\/#organization\",\"name\":\"U&I Software\",\"url\":\"https:\\\/\\\/uisoftware.com\\\/\",\"logo\":{\"@type\":\"ImageObject\",\"inLanguage\":\"pl-PL\",\"@id\":\"https:\\\/\\\/uisoftware.com\\\/#\\\/schema\\\/logo\\\/image\\\/\",\"url\":\"https:\\\/\\\/i2.wp.com\\\/uisoftware.com\\\/wp-content\\\/uploads\\\/2020\\\/05\\\/UI_Software_Mark_Round_blue.png?fit=2169%2C2169&ssl=1\",\"contentUrl\":\"https:\\\/\\\/i2.wp.com\\\/uisoftware.com\\\/wp-content\\\/uploads\\\/2020\\\/05\\\/UI_Software_Mark_Round_blue.png?fit=2169%2C2169&ssl=1\",\"width\":2169,\"height\":2169,\"caption\":\"U&I Software\"},\"image\":{\"@id\":\"https:\\\/\\\/uisoftware.com\\\/#\\\/schema\\\/logo\\\/image\\\/\"},\"sameAs\":[\"https:\\\/\\\/www.facebook.com\\\/uisoftware\",\"https:\\\/\\\/x.com\\\/UIsoftware\",\"https:\\\/\\\/www.instagram.com\\\/uisoftware_\",\"https:\\\/\\\/www.youtube.com\\\/c\\\/uisoftware\",\"https:\\\/\\\/en.wikipedia.org\\\/wiki\\\/MetaSynth\"]}]}<\/script>\n<!-- \/ Yoast SEO Premium plugin. -->","yoast_head_json":{"title":"ArtMixer - U&amp;I Software, LLC","robots":{"index":"index","follow":"follow","max-snippet":"max-snippet:-1","max-image-preview":"max-image-preview:large","max-video-preview":"max-video-preview:-1"},"canonical":"https:\/\/uisoftware.com\/pl\/artmixer\/","og_locale":"pl_PL","og_type":"article","og_title":"ArtMixer","og_description":"Image and Video Editing in Apple&#8217;s Metal ArtMixer Photo is an image editor and composition tool based on Apple&#8217;s Metal GPU and underlying dictionary techs. It is streamlined for working with AI image generation tools but can also be used to post-process any image, or create graphic designs from scratch as well. It is entirely&hellip; Dowiedz si\u0119 wi\u0119cej","og_url":"https:\/\/uisoftware.com\/pl\/artmixer\/","og_site_name":"U&amp;I Software, LLC","article_publisher":"https:\/\/www.facebook.com\/uisoftware","article_modified_time":"2026-05-07T00:21:13+00:00","og_image":[{"width":960,"height":540,"url":"https:\/\/uisoftware.com\/wp-content\/uploads\/2025\/10\/Screenshot-2025-10-23-at-3.46.10-PM-scale.png","type":"image\/png"}],"twitter_card":"summary_large_image","twitter_site":"@UIsoftware","twitter_misc":{"Szacowany czas czytania":"2 minuty"},"schema":{"@context":"https:\/\/schema.org","@graph":[{"@type":"WebPage","@id":"https:\/\/uisoftware.com\/artmixer\/","url":"https:\/\/uisoftware.com\/artmixer\/","name":"ArtMixer - U&amp;I Software, LLC","isPartOf":{"@id":"https:\/\/uisoftware.com\/#website"},"primaryImageOfPage":{"@id":"https:\/\/uisoftware.com\/artmixer\/#primaryimage"},"image":{"@id":"https:\/\/uisoftware.com\/artmixer\/#primaryimage"},"thumbnailUrl":"https:\/\/i0.wp.com\/uisoftware.com\/wp-content\/uploads\/2025\/10\/Screenshot-2025-10-23-at-3.46.10-PM-scale.png?fit=960%2C540&ssl=1","datePublished":"2025-07-19T19:06:45+00:00","dateModified":"2026-05-07T00:21:13+00:00","breadcrumb":{"@id":"https:\/\/uisoftware.com\/artmixer\/#breadcrumb"},"inLanguage":"pl-PL","potentialAction":[{"@type":"ReadAction","target":["https:\/\/uisoftware.com\/artmixer\/"]}]},{"@type":"ImageObject","inLanguage":"pl-PL","@id":"https:\/\/uisoftware.com\/artmixer\/#primaryimage","url":"https:\/\/i0.wp.com\/uisoftware.com\/wp-content\/uploads\/2025\/10\/Screenshot-2025-10-23-at-3.46.10-PM-scale.png?fit=960%2C540&ssl=1","contentUrl":"https:\/\/i0.wp.com\/uisoftware.com\/wp-content\/uploads\/2025\/10\/Screenshot-2025-10-23-at-3.46.10-PM-scale.png?fit=960%2C540&ssl=1","width":960,"height":540},{"@type":"BreadcrumbList","@id":"https:\/\/uisoftware.com\/artmixer\/#breadcrumb","itemListElement":[{"@type":"ListItem","position":1,"name":"Home","item":"https:\/\/uisoftware.com\/"},{"@type":"ListItem","position":2,"name":"ArtMixer"}]},{"@type":"WebSite","@id":"https:\/\/uisoftware.com\/#website","url":"https:\/\/uisoftware.com\/","name":"U&amp;I Software, LLC","description":"Unikalne zastosowania dla artyst\u00f3w i muzyk\u00f3w","publisher":{"@id":"https:\/\/uisoftware.com\/#organization"},"potentialAction":[{"@type":"SearchAction","target":{"@type":"EntryPoint","urlTemplate":"https:\/\/uisoftware.com\/?s={search_term_string}"},"query-input":{"@type":"PropertyValueSpecification","valueRequired":true,"valueName":"search_term_string"}}],"inLanguage":"pl-PL"},{"@type":"Organization","@id":"https:\/\/uisoftware.com\/#organization","name":"Oprogramowanie U&amp;I","url":"https:\/\/uisoftware.com\/","logo":{"@type":"ImageObject","inLanguage":"pl-PL","@id":"https:\/\/uisoftware.com\/#\/schema\/logo\/image\/","url":"https:\/\/i2.wp.com\/uisoftware.com\/wp-content\/uploads\/2020\/05\/UI_Software_Mark_Round_blue.png?fit=2169%2C2169&ssl=1","contentUrl":"https:\/\/i2.wp.com\/uisoftware.com\/wp-content\/uploads\/2020\/05\/UI_Software_Mark_Round_blue.png?fit=2169%2C2169&ssl=1","width":2169,"height":2169,"caption":"U&I Software"},"image":{"@id":"https:\/\/uisoftware.com\/#\/schema\/logo\/image\/"},"sameAs":["https:\/\/www.facebook.com\/uisoftware","https:\/\/x.com\/UIsoftware","https:\/\/www.instagram.com\/uisoftware_","https:\/\/www.youtube.com\/c\/uisoftware","https:\/\/en.wikipedia.org\/wiki\/MetaSynth"]}]}},"jetpack_likes_enabled":true,"jetpack_sharing_enabled":true,"jetpack_shortlink":"https:\/\/wp.me\/PazsxF-25V","amp_enabled":true,"_links":{"self":[{"href":"https:\/\/uisoftware.com\/pl\/wp-json\/wp\/v2\/pages\/8055","targetHints":{"allow":["GET"]}}],"collection":[{"href":"https:\/\/uisoftware.com\/pl\/wp-json\/wp\/v2\/pages"}],"about":[{"href":"https:\/\/uisoftware.com\/pl\/wp-json\/wp\/v2\/types\/page"}],"author":[{"embeddable":true,"href":"https:\/\/uisoftware.com\/pl\/wp-json\/wp\/v2\/users\/150113988"}],"replies":[{"embeddable":true,"href":"https:\/\/uisoftware.com\/pl\/wp-json\/wp\/v2\/comments?post=8055"}],"version-history":[{"count":19,"href":"https:\/\/uisoftware.com\/pl\/wp-json\/wp\/v2\/pages\/8055\/revisions"}],"predecessor-version":[{"id":9963,"href":"https:\/\/uisoftware.com\/pl\/wp-json\/wp\/v2\/pages\/8055\/revisions\/9963"}],"wp:featuredmedia":[{"embeddable":true,"href":"https:\/\/uisoftware.com\/pl\/wp-json\/wp\/v2\/media\/8921"}],"wp:attachment":[{"href":"https:\/\/uisoftware.com\/pl\/wp-json\/wp\/v2\/media?parent=8055"}],"curies":[{"name":"wp","href":"https:\/\/api.w.org\/{rel}","templated":true}]}}